{"id":1569,"date":"2021-01-28T14:10:56","date_gmt":"2021-01-28T13:10:56","guid":{"rendered":"https:\/\/virtual-tech.fr\/yves\/?page_id=1569"},"modified":"2021-01-28T14:39:24","modified_gmt":"2021-01-28T13:39:24","slug":"yves-clerc-artiste-peintre-contemporain","status":"publish","type":"page","link":"https:\/\/virtual-tech.fr\/yves\/yves-clerc-artiste-peintre-contemporain\/","title":{"rendered":"BIOGRAPHIE"},"content":{"rendered":"<p>[vc_row css=\u00a0\u00bb.vc_custom_1611840042527{margin-top: 40px !important;}\u00a0\u00bb][vc_column][vc_column_text]Yves Clerc fait ses premiers pas dans le monde de l\u2019image gr\u00e2ce \u00e0 la photographie. Conjointement \u00e0 des \u00e9tudes m\u00e9dicales dans une universit\u00e9 parisienne, il suit des \u00e9tudes artistiques \u00e0 l\u2019Ecole des Arts appliqu\u00e9s de Paris pour pratiquer le dessin et la bande dessin\u00e9e sous la houlette de Yves Got.<\/p>\n<p>Durant ses \u00e9tudes, il publie ses premi\u00e8res illustrations dans la presse m\u00e9dicale et participe activement au festival du th\u00e9\u00e2tre universitaire de Nancy qui d\u00e9terminera pour une grande part sa th\u00e9matique de la repr\u00e9sentation.<\/p>\n<p>De 1975 \u00e0 1990, il publie ses dessins dans diff\u00e9rentes revues ( Pariscope, Autrement \u2026) et aborde la peinture dans l\u2019atelier de Christian Zeimert, pour participer ensuite \u00e0 de nombreuses expositions collectives \u00e0 Paris, Anvers, Pise, Saint- P\u00e9tersbourg\u2026<\/p>\n<p>De 1990 \u00e0 2007, la galerie parisienne Charles Bailly l\u2019accueille pour exposer r\u00e9guli\u00e8rement en France, en Europe et aux Etats-Unis. Apr\u00e8s plusieurs expositions \u00e0 l\u2019international, depuis cinq ans il travaille principalement en Suisse, avec la Bailly Gallery de Gen\u00e8ve. Il vit et travaille principalement \u00e0 Paris, parfois \u00e0 Mexico, Gen\u00e8ve, et voyage r\u00e9guli\u00e8rement aux Etats-Unis.[\/vc_column_text][\/vc_column][\/vc_row][vc_row full_width=\u00a0\u00bbstretch_row\u00a0\u00bb css=\u00a0\u00bb.vc_custom_1611762734418{margin-top: 40px !important;}\u00a0\u00bb][vc_column width=\u00a0\u00bb2\/3&Prime;][vc_column_text css=\u00a0\u00bb.vc_custom_1611841159519{border-left-width: 25px !important;padding-left: 100px !important;border-left-color: #f7f7f7 !important;border-left-style: solid !important;}\u00a0\u00bb]<\/p>\n<h3>Expositions<\/h3>\n<p>2019 &#8211; PARIS &#8211; H\u00e9l\u00e8ne Bailly Gallery<br \/>\n2019 &#8211; PARIS PAD<br \/>\n2019 &#8211; BRUXELLES BRAFA<\/p>\n<p>2018 &#8211; MIAMI &#8211; Art Miami &#8211; H\u00e9l\u00e8ne Bailly Gallery<br \/>\n2018 &#8211; GENEVE, Bailly Gallery, du 16 janvier au 21 f\u00e9vrier<br \/>\n2018 &#8211; BRUXELLES BRAFA<br \/>\n2018 &#8211; GERMANY ART KARLSRUHE 2018<br \/>\n2018 &#8211; LONDRES, Masterpiece<\/p>\n<p>2017 &#8211; LONDRES, Masterpiece<br \/>\n2017 &#8211; BRUXELLES, Brafa<br \/>\n2017 &#8211; MAASTRICHT, Tefaf<br \/>\n2017 &#8211; PARIS &#8211; H\u00e9l\u00e8ne Bailly Gallery<br \/>\n2017 &#8211; PARIS Art Elys\u00e9es 2017<br \/>\n2017 &#8211; BRUXELLES Art Square 2017<\/p>\n<p>2016 &#8211; PARIS &#8211; H\u00e9l\u00e8ne Bailly Gallery<br \/>\n2016 &#8211; BRUXELLES BRAFA<br \/>\n2015 &#8211; GEN\u00c8VE Bailly Gallery<br \/>\n2015 &#8211; BRUXELLES BELGIQUE BRAFA Bailly Gallery<br \/>\n2015 &#8211; COR\u00c9E ART-FAIR-BUSAN<\/p>\n<p>2014 &#8211; GENEVA Charly Bailly Fine Art \u00ab\u00a0P\u00e9tales, Plis et Palimpsestes\u00a0\u00bb<br \/>\n2013 &#8211; GENEVA Gallery Hania Bailly Contemporary<br \/>\n2012 &#8211; PARIS Gallery Chevalier Exposition de tapis d&rsquo;artistes<br \/>\n2012 &#8211; BASEL Scope Basel<br \/>\n2011 &#8211; ST JEAN DE LUZ Gallery Jean Louis Goursolle \u00ab\u00a0portraits c\u00e9l\u00e8bres\u00a0\u00bb<br \/>\n2011 &#8211; ST ETIENNE DE BAIGORRY Festival de Basse Navarre<br \/>\n2011 &#8211; GENEVA Gallery Charly Bailly \u00ab\u00a0arts femmina\u00a0\u00bb<br \/>\n2010 &#8211; MOSCOW the Man\u00e8ge show THE FRENCH ART OF LIVING<br \/>\n2010 &#8211; PARIS Galerie Bailly Contemporain photo peinture \u00ab Glamorous Flowers \u00bb<br \/>\n2010 &#8211; PARIS M\u00e9tamorphoses 4 artistes Fondation Johnson &amp; Johnson.<br \/>\n2010 &#8211; OSAKA Gallery Ami&amp;Kanoko exposition de M\u00e9talprints.<br \/>\n2010 &#8211; TOKYO Ginza Japan Gallery 156 Metalprints.<br \/>\n2010 &#8211; MOSCOU le Man\u00e8ge salon Art de vivre \u00e0 la fran\u00e7aise.<br \/>\n2010 &#8211; MEXICO Porto Vaillarta Metalprints<\/p>\n<p>2009 &#8211; LUXEUIL les bains Mus\u00e9e des Echevins.<br \/>\n2009 &#8211; PARIS ODDO et Cie<\/p>\n<p>2008 &#8211; PARIS Publication par Flammarion-Skira \u00e9diteur d\u2019une monographie \u00e9crite par Pascal Bonnafoux<br \/>\n2008 &#8211; LISBONNE signature exposition espace Arte Livre<br \/>\n2008 &#8211; NEW YORK USA parution de la monographie en anglais Yves Clerc publi\u00e9e par Rizzoli signature exposition librairie Rizzoli<\/p>\n<p>2007 &#8211; PARIS Galerie Bailly contemporain exposition \u00ab premier choix \u00bb<\/p>\n<p>2006 &#8211; PARIS pr\u00e9sentation pour le carr\u00e9 rive gauche d\u2019un tableau de 20 m\u00b2<\/p>\n<p>2005 &#8211; PARIS 12 tableaux dans les vitrines de \u00ab la maison Herm\u00e8s \u00bb<br \/>\n2005 &#8211; MOSCOU D\u00e9coration d\u2019un d\u00e9fil\u00e9 de haute couture pour Irina Vitjaz<\/p>\n<p>2004 &#8211; PARIS Mairie du 1 er arrondissement pour la sortie du livre de Marc Gaillard \u00ab Paris femmes de r\u00eave \u00bb<br \/>\n2004 &#8211; PARIS Galerie Bailly \u00ab 15 ans d\u00e9j\u00e0 \u00bb<br \/>\n2004 &#8211; TROUVILLE invit\u00e9 par la ville<br \/>\n2004 &#8211; PARIS Aki\u00e9 Arichi exposition collective d\u2019estampes<\/p>\n<p>2002 &#8211; PARIS Fondation Jonhson&amp;Jonhson<br \/>\n2002 &#8211; PARIS Galerie Bailly<\/p>\n<p>2001 &#8211; MEXICO- Galerie Landucci<br \/>\n2001 &#8211; PORTO Portugal &#8211; Porto Art<\/p>\n<p>2000 &#8211; PARIS Art Paris &#8211; Carrousel du Louvre.<\/p>\n<p>1999 &#8211; PARIS Art Paris &#8211; Carrousel du Louvre.<br \/>\n1999 &#8211; PARIS &#8211; Galerie Bailly &#8211; Exposition personnelle<\/p>\n<p>1997 &#8211; PARIS &#8211; 20 ans du Carr\u00e9 Rive Gauche.<\/p>\n<p>1996 &#8211; PARIS &#8211; Grand h\u00f4tel Intercontinental. Participation avec Les Grands Couturiers \u00e0 l&rsquo;exposition du brodeur Lesage.<br \/>\n1996 &#8211; MONTARGIS &#8211; Mus\u00e9e Girodet &#8211; Exposition personnelle.<br \/>\n1996 &#8211; PARIS &#8211; Galerie Bailly &#8211; Exposition personnelle.<br \/>\n1996 &#8211; PARIS. FIAC<\/p>\n<p>1995 &#8211; ROUEN &#8211; Invit\u00e9 d&rsquo;honneur de la ville de Rouen.<br \/>\n1995 &#8211; PARIS &#8211; Galerie La Pochade &#8211; Exposition sur le th\u00e8me de l&rsquo;\u00e9ventail.<br \/>\n1995 &#8211; STRASBOURG &#8211; Salon de Strasbourg &#8211; Galerie La Pochade.<br \/>\n1995 &#8211; BEZIERS &#8211; Mus\u00e9e des Beaux-Arts &#8211; Exposition sur le th\u00e8me de l&rsquo;\u00e9ventail.<br \/>\n1995 &#8211; PARIS &#8211; Salon de Mars &#8211; Galerie La Pochade.<br \/>\n1995 &#8211; PARIS &#8211; Galerie J. de Noirmont &#8211; Exposition photo peintes.<\/p>\n<p>1994 MIAMI &#8211; Art Miami &#8211; one man show.<br \/>\n1994 PARIS &#8211; Galerie Bailly &#8211; exposition accompagn\u00e9e de l&rsquo;\u00e9dition d&rsquo;un livre.<\/p>\n<p>1993 CHICAGO &#8211; International art exposition &#8211; one man show.<\/p>\n<p>1992 PARIS -Galerie Bailly . monographie \u00e9crite par Bruno Foucart. 1992 MADRID &#8211; ARCO.<\/p>\n<p>1989 PARIS &#8211; Galerie Vivienne.<\/p>\n<p>Principale collection Charles Bailly Gen\u00e8ve[\/vc_column_text][\/vc_column][vc_column width=\u00a0\u00bb1\/3&Prime;][vc_single_image image=\u00a0\u00bb1577&Prime; img_size=\u00a0\u00bbfull\u00a0\u00bb][vc_single_image image=\u00a0\u00bb1576&Prime; img_size=\u00a0\u00bbfull\u00a0\u00bb][vc_single_image image=\u00a0\u00bb1575&Prime; img_size=\u00a0\u00bbfull\u00a0\u00bb][vc_single_image image=\u00a0\u00bb1574&Prime; img_size=\u00a0\u00bbfull\u00a0\u00bb][vc_single_image image=\u00a0\u00bb1573&Prime; img_size=\u00a0\u00bbfull\u00a0\u00bb][vc_empty_space height=\u00a0\u00bb22px\u00a0\u00bb][\/vc_column][\/vc_row]<\/p>\n","protected":false},"excerpt":{"rendered":"<p>[vc_row css=\u00a0\u00bb.vc_custom_1611840042527{margin-top: 40px !important;}\u00a0\u00bb][vc_column][vc_column_text]Yves Clerc fait ses premiers pas dans le monde de l\u2019image gr\u00e2ce \u00e0 la photographie. Conjointement \u00e0 des \u00e9tudes m\u00e9dicales dans une universit\u00e9 parisienne, il suit des \u00e9tudes artistiques \u00e0 l\u2019Ecole des Arts appliqu\u00e9s de Paris pour pratiquer le dessin et la bande dessin\u00e9e sous la houlette de Yves Got. Durant ses [&hellip;]<\/p>\n","protected":false},"author":1,"featured_media":0,"parent":0,"menu_order":0,"comment_status":"closed","ping_status":"closed","template":"page.php","meta":{"footnotes":""},"class_list":["post-1569","page","type-page","status-publish","hentry"],"_links":{"self":[{"href":"https:\/\/virtual-tech.fr\/yves\/wp-json\/wp\/v2\/pages\/1569","targetHints":{"allow":["GET"]}}],"collection":[{"href":"https:\/\/virtual-tech.fr\/yves\/wp-json\/wp\/v2\/pages"}],"about":[{"href":"https:\/\/virtual-tech.fr\/yves\/wp-json\/wp\/v2\/types\/page"}],"author":[{"embeddable":true,"href":"https:\/\/virtual-tech.fr\/yves\/wp-json\/wp\/v2\/users\/1"}],"replies":[{"embeddable":true,"href":"https:\/\/virtual-tech.fr\/yves\/wp-json\/wp\/v2\/comments?post=1569"}],"version-history":[{"count":10,"href":"https:\/\/virtual-tech.fr\/yves\/wp-json\/wp\/v2\/pages\/1569\/revisions"}],"predecessor-version":[{"id":1584,"href":"https:\/\/virtual-tech.fr\/yves\/wp-json\/wp\/v2\/pages\/1569\/revisions\/1584"}],"wp:attachment":[{"href":"https:\/\/virtual-tech.fr\/yves\/wp-json\/wp\/v2\/media?parent=1569"}],"curies":[{"name":"wp","href":"https:\/\/api.w.org\/{rel}","templated":true}]}}